{"id":187,"date":"2020-12-02T12:31:52","date_gmt":"2020-12-02T11:31:52","guid":{"rendered":"https:\/\/stephaneschweitzer.be\/?page_id=187"},"modified":"2023-03-09T16:12:18","modified_gmt":"2023-03-09T15:12:18","slug":"politique-de-confidentialite","status":"publish","type":"page","link":"https:\/\/stephaneschweitzer.be\/fr\/politique-de-confidentialite\/","title":{"rendered":"Politique de confidentialit\u00e9"},"content":{"rendered":"\t\t<div data-elementor-type=\"wp-page\" data-elementor-id=\"187\" class=\"elementor elementor-187\" data-elementor-post-type=\"page\">\n\t\t\t\t\t\t<section class=\"elementor-section elementor-top-section elementor-element elementor-element-a8d4010 elementor-section-boxed elementor-section-height-default elementor-section-height-default\" data-id=\"a8d4010\" data-element_type=\"section\">\n\t\t\t\t\t\t<div class=\"elementor-container elementor-column-gap-default\">\n\t\t\t\t\t<div class=\"elementor-column elementor-col-100 elementor-top-column elementor-element elementor-element-fb4f50c\" data-id=\"fb4f50c\" data-element_type=\"column\">\n\t\t\t<div class=\"elementor-widget-wrap elementor-element-populated\">\n\t\t\t\t\t\t<div class=\"elementor-element elementor-element-235668e elementor-widget elementor-widget-heading\" data-id=\"235668e\" data-element_type=\"widget\" data-widget_type=\"heading.default\">\n\t\t\t\t<div class=\"elementor-widget-container\">\n\t\t\t\t\t<h2 class=\"elementor-heading-title elementor-size-default\">Protection de la vie priv\u00e9e &amp; RGPD<\/h2>\t\t\t\t<\/div>\n\t\t\t\t<\/div>\n\t\t\t\t<div class=\"elementor-element elementor-element-58832f0 elementor-widget elementor-widget-text-editor\" data-id=\"58832f0\" data-element_type=\"widget\" data-widget_type=\"text-editor.default\">\n\t\t\t\t<div class=\"elementor-widget-container\">\n\t\t\t\t\t\t\t\t\t<p>Traitement des donn\u00e9es \u00e0 caract\u00e8re personnel des visiteurs et des utilisateurs.<\/p><p>Notre agence immobili\u00e8re est repr\u00e9sent\u00e9e par St\u00e9phane Schweitzer et son si\u00e8ge se situe 523 Avenue Louise \u00a0\u00e0 1050 Bruxelles, enregistr\u00e9e aupr\u00e8s de la BCE au num\u00e9ro 0888.619.968.<\/p><p>Les donn\u00e9es \u00e0 caract\u00e8re personnel que l\u2019utilisateur communique lors d\u2019une demande via notre site, lors d\u2019un entretien t\u00e9l\u00e9phonique et\/ou lors de tout \u00e9v\u00e8nement organis\u00e9 par nos soins sont trait\u00e9es par notre agence en vue de pouvoir r\u00e9pondre \u00e0 l\u2019utilisateur.<\/p><p>Les donn\u00e9es \u00e0 caract\u00e8re personnel ne sont transmises qu\u2019au personnel charg\u00e9 de traiter les demandes. Ces donn\u00e9es peuvent \u00eatre communiqu\u00e9es \u00e0 des personnes ext\u00e9rieures \u00e0 notre agence lorsque cela s\u2019av\u00e8re n\u00e9cessaire pour le traitement de la demande de l\u2019utilisateur.<\/p><p>Si l\u2019utilisateur refuse de communiquer certaines donn\u00e9es indispensables, il se peut que notre agence ne soit pas en mesure de traiter la demande.<\/p><p>En ayant accept\u00e9 les pr\u00e9sentes conditions, nous vous adresserons la liste des annonces correspondant aux crit\u00e8res que vous recherchez, vous b\u00e9n\u00e9ficieriez \u00e9galement des services gratuits d\u2019informations concernant nos actions ponctuelles et les services de notre agence. Ces informations peuvent \u00eatre personnalis\u00e9es.<\/p><p>Aucune donn\u00e9e n\u2019est collect\u00e9e automatiquement par le site en lui-m\u00eame. Les seules donn\u00e9es que nous traitons sont celles que <strong>vous nous communiquez volontairement<\/strong>. Les autres informations \u00e9ventuellement collect\u00e9es automatiquement ne le sont que par des outils statistiques comme par exemple Google Analytics et ne concernent que votre adresse TCP\/IP, la marque et la derni\u00e8re version de votre navigateur, les pages web consult\u00e9es mais restent compl\u00e8tement anonymes.<\/p><p>Nous pouvons enregistrer via cookie un code d\u2019acc\u00e8s et un mot de passe. D\u2019autres informations comme vos crit\u00e8res de recherche ou la langue choisie pour visiter le site peuvent \u00e9galement appara\u00eetre dans le cookie. (Un cookie est un petit fichier envoy\u00e9 par notre serveur qui s\u2019enregistre sur le disque dur de votre ordinateur. Il garde la trace du site visit\u00e9 et contient un certain nombre d\u2019informations relatives \u00e0 cette visite. Nos cookies servent avant tout \u00e0 faire fonctionner le site \u2013 cookies techniques de sessions).<\/p><p>Nous pourrions aussi \u00eatre amen\u00e9s \u00e0 traiter des donn\u00e9es vous concernant provenant de tiers comme les m\u00e9dias (immoweb, vlan, &#8230;). Celles-ci nous sont uniquement communiqu\u00e9es suite \u00e0 une demande via les formulaires mis \u00e0 disposition sur leur site respectif. Pour autant que vous ayez marqu\u00e9 votre accord, votre adresse email pourra \u00eatre utilis\u00e9e par l\u2019agence aux fins pr\u00e9cis\u00e9es ci-dessus.<\/p><p>Les informations ne servent qu\u2019\u00e0 un usage interne et ne seront en cons\u00e9quence jamais vendues \u00e0 d\u2019autres personnes physiques ou morales li\u00e9es ou pas \u00e0 notre soci\u00e9t\u00e9. Mais ces donn\u00e9es seront communiqu\u00e9es, \u00e0 la demande des autorit\u00e9s judiciaires ou des services de police, sans l\u2019autorisation pr\u00e9alable de leur titulaire.<\/p><p>Nous avons mis en place des mesures de s\u00e9curit\u00e9 appropri\u00e9es pour prot\u00e9ger la perte, l\u2019usage abusif ou l\u2019alt\u00e9ration des informations re\u00e7ues sur notre site.<\/p><p>Tous nos employ\u00e9s ayant acc\u00e8s \u00e0 vos donn\u00e9es ont un devoir de confidentialit\u00e9 stricte.<\/p><p>Les Donn\u00e9es seront conserv\u00e9es le temps qu\u2019il sera n\u00e9cessaire pour fournir le service sollicit\u00e9 et accept\u00e9 par le titulaire des donn\u00e9es et pendant les d\u00e9lais l\u00e9gaux requis par toute r\u00e8glementation \u00e0 laquelle l\u2019agent immobilier est soumis.<\/p><p>Vous disposez \u00e0 tout moment du droit d\u2019acc\u00e8s et de rectification \u00e0 ces donn\u00e9es ainsi que du droit d\u2019opposition, afin de v\u00e9rifier leur exactitude et de faire corriger les \u00e9ventuelles erreurs les concernant.<\/p><p>Pour pouvoir exercer ce droit, il vous suffit de nous contacter :<\/p><p>Par courrier \u00e0 l\u2019adresse suivante :<\/p><p>St\u00e9phane Schweitzer \u2013 Lola srl, 523 Avenue Louise \u00e0 1050 Bruxelles.<\/p><p>Vous pouvez aussi nous contacter par email :\u00a0<span style=\"text-decoration: underline;\"><a href=\"mailto:stephane@stephaneschweitzer.be\">stephane@stephaneschweitzer.be<\/a><\/span><\/p><p>Ou encore nous t\u00e9l\u00e9phoner au <a href=\"tel:+32 475 94 99 80\"><strong>+32 475 94 99 80<\/strong><\/a><\/p><p>Nous ne sommes pas responsables de la politique de respect de la vie priv\u00e9e des sites Internet qui sont reli\u00e9s au n\u00f4tre par un hyperlien.<\/p><p>Si vous estimez que notre site ne respecte pas la pr\u00e9sente charte, vous pouvez contacter notre agence par email ou par courrier \u00e0 l\u2019adresse mentionn\u00e9e sur le site.<\/p>\t\t\t\t\t\t\t\t<\/div>\n\t\t\t\t<\/div>\n\t\t\t\t<div class=\"elementor-element elementor-element-2380f1a elementor-widget elementor-widget-heading\" data-id=\"2380f1a\" data-element_type=\"widget\" data-widget_type=\"heading.default\">\n\t\t\t\t<div class=\"elementor-widget-container\">\n\t\t\t\t\t<h4 class=\"elementor-heading-title elementor-size-default\">R\u00e9actualisation.<\/h4>\t\t\t\t<\/div>\n\t\t\t\t<\/div>\n\t\t\t\t<div class=\"elementor-element elementor-element-8d53474 elementor-widget elementor-widget-text-editor\" data-id=\"8d53474\" data-element_type=\"widget\" data-widget_type=\"text-editor.default\">\n\t\t\t\t<div class=\"elementor-widget-container\">\n\t\t\t\t\t\t\t\t\tNotre agence se fait le devoir de r\u00e9actualiser r\u00e9guli\u00e8rement la pr\u00e9sente charte afin de prendre en consid\u00e9ration toute \u00e9volution l\u00e9gale, jurisprudentielle ou technique. Seule la derni\u00e8re version pr\u00e9vaudra.\t\t\t\t\t\t\t\t<\/div>\n\t\t\t\t<\/div>\n\t\t\t\t<div class=\"elementor-element elementor-element-6810767 elementor-widget elementor-widget-spacer\" data-id=\"6810767\" data-element_type=\"widget\" data-widget_type=\"spacer.default\">\n\t\t\t\t<div class=\"elementor-widget-container\">\n\t\t\t\t\t\t\t<div class=\"elementor-spacer\">\n\t\t\t<div class=\"elementor-spacer-inner\"><\/div>\n\t\t<\/div>\n\t\t\t\t\t\t<\/div>\n\t\t\t\t<\/div>\n\t\t\t\t<div class=\"elementor-element elementor-element-b9d306e elementor-widget elementor-widget-heading\" data-id=\"b9d306e\" data-element_type=\"widget\" data-widget_type=\"heading.default\">\n\t\t\t\t<div class=\"elementor-widget-container\">\n\t\t\t\t\t<h2 class=\"elementor-heading-title elementor-size-default\">Conditions g\u00e9n\u00e9rales d\u2019utilisation du site<\/h2>\t\t\t\t<\/div>\n\t\t\t\t<\/div>\n\t\t\t\t<div class=\"elementor-element elementor-element-a671722 elementor-widget elementor-widget-heading\" data-id=\"a671722\" data-element_type=\"widget\" data-widget_type=\"heading.default\">\n\t\t\t\t<div class=\"elementor-widget-container\">\n\t\t\t\t\t<h4 class=\"elementor-heading-title elementor-size-default\">Acceptation des conditions g\u00e9n\u00e9rales<\/h4>\t\t\t\t<\/div>\n\t\t\t\t<\/div>\n\t\t\t\t<div class=\"elementor-element elementor-element-45462d1 elementor-widget elementor-widget-text-editor\" data-id=\"45462d1\" data-element_type=\"widget\" data-widget_type=\"text-editor.default\">\n\t\t\t\t<div class=\"elementor-widget-container\">\n\t\t\t\t\t\t\t\t\t<p>Ce site, de langue fran\u00e7aise, est un site d\u2019information qui s\u2019adresse aussi bien aux clients de notre agence, qu\u2019aux non-clients, d\u00e9nomm\u00e9s ci-apr\u00e8s \u00ab internautes \u00bb. Ce site est soumis \u00e0 la loi belge. L\u2019internaute reconna\u00eet avoir pris connaissance de la pr\u00e9sente charte et s\u2019engage \u00e0 la respecter.<\/p><p>Il est rappel\u00e9 que le secret des correspondances n\u2019est pas garanti sur le r\u00e9seau Internet et qu\u2019il appartient \u00e0 chaque internaute de prendre toutes les mesures appropri\u00e9es de fa\u00e7on \u00e0 prot\u00e9ger ses propres donn\u00e9es et\/ou logiciels.<\/p>\t\t\t\t\t\t\t\t<\/div>\n\t\t\t\t<\/div>\n\t\t\t\t<div class=\"elementor-element elementor-element-df030e4 elementor-widget elementor-widget-heading\" data-id=\"df030e4\" data-element_type=\"widget\" data-widget_type=\"heading.default\">\n\t\t\t\t<div class=\"elementor-widget-container\">\n\t\t\t\t\t<h4 class=\"elementor-heading-title elementor-size-default\">Traitement de la demande et\/ou des informations<\/h4>\t\t\t\t<\/div>\n\t\t\t\t<\/div>\n\t\t\t\t<div class=\"elementor-element elementor-element-5bfa988 elementor-widget elementor-widget-text-editor\" data-id=\"5bfa988\" data-element_type=\"widget\" data-widget_type=\"text-editor.default\">\n\t\t\t\t<div class=\"elementor-widget-container\">\n\t\t\t\t\t\t\t\t\t<p>Nous nous r\u00e9servons le droit de subordonner le traitement des informations, de le suspendre ou de le refuser dans les cas suivants :<\/p><p>\u2013 informations incompl\u00e8tes ou incorrectes ;<\/p><p>\u2013 Communication de donn\u00e9es <strong>manifestement<\/strong> erron\u00e9es, voire fantaisistes ;<\/p><p>La liste reprise ci-dessus n\u2019a pas de caract\u00e8re exhaustif.<\/p>\t\t\t\t\t\t\t\t<\/div>\n\t\t\t\t<\/div>\n\t\t\t\t<div class=\"elementor-element elementor-element-eb038c7 elementor-widget elementor-widget-heading\" data-id=\"eb038c7\" data-element_type=\"widget\" data-widget_type=\"heading.default\">\n\t\t\t\t<div class=\"elementor-widget-container\">\n\t\t\t\t\t<h4 class=\"elementor-heading-title elementor-size-default\">Services<\/h4>\t\t\t\t<\/div>\n\t\t\t\t<\/div>\n\t\t\t\t<div class=\"elementor-element elementor-element-8d64044 elementor-widget elementor-widget-text-editor\" data-id=\"8d64044\" data-element_type=\"widget\" data-widget_type=\"text-editor.default\">\n\t\t\t\t<div class=\"elementor-widget-container\">\n\t\t\t\t\t\t\t\t\t<p>Le service et biens propos\u00e9s sur le site sont d\u00e9crits de bonne foi, le plus pr\u00e9cis\u00e9ment et fid\u00e8lement possible. Les images pr\u00e9sent\u00e9es sur le site n\u2019ont aucune valeur contractuelle.<\/p>\t\t\t\t\t\t\t\t<\/div>\n\t\t\t\t<\/div>\n\t\t\t\t<div class=\"elementor-element elementor-element-05c94f5 elementor-widget elementor-widget-heading\" data-id=\"05c94f5\" data-element_type=\"widget\" data-widget_type=\"heading.default\">\n\t\t\t\t<div class=\"elementor-widget-container\">\n\t\t\t\t\t<h4 class=\"elementor-heading-title elementor-size-default\">Disponibilit\u00e9<\/h4>\t\t\t\t<\/div>\n\t\t\t\t<\/div>\n\t\t\t\t<div class=\"elementor-element elementor-element-3257ea7 elementor-widget elementor-widget-text-editor\" data-id=\"3257ea7\" data-element_type=\"widget\" data-widget_type=\"text-editor.default\">\n\t\t\t\t<div class=\"elementor-widget-container\">\n\t\t\t\t\t\t\t\t\tEn tout \u00e9tat de cause, nous ne pourrons \u00eatre tenus responsables des dommages r\u00e9sultant de l\u2019indisponibilit\u00e9 du service correspondant aux sollicitations de l\u2019utilisateur.\t\t\t\t\t\t\t\t<\/div>\n\t\t\t\t<\/div>\n\t\t\t\t<div class=\"elementor-element elementor-element-73e2794 elementor-widget elementor-widget-heading\" data-id=\"73e2794\" data-element_type=\"widget\" data-widget_type=\"heading.default\">\n\t\t\t\t<div class=\"elementor-widget-container\">\n\t\t\t\t\t<h4 class=\"elementor-heading-title elementor-size-default\">Disclaimer \u2013 limitation de responsabilit\u00e9<\/h4>\t\t\t\t<\/div>\n\t\t\t\t<\/div>\n\t\t\t\t<div class=\"elementor-element elementor-element-5f2adf8 elementor-widget elementor-widget-text-editor\" data-id=\"5f2adf8\" data-element_type=\"widget\" data-widget_type=\"text-editor.default\">\n\t\t\t\t<div class=\"elementor-widget-container\">\n\t\t\t\t\t\t\t\t\tNotre agence ne saurait \u00eatre tenue pour responsable de l\u2019inex\u00e9cution du contrat qui pourrait suivre en cas d\u2019inexactitude des informations communiqu\u00e9es ou de force majeure&#8230;\t\t\t\t\t\t\t\t<\/div>\n\t\t\t\t<\/div>\n\t\t\t\t<div class=\"elementor-element elementor-element-4b7f549 elementor-widget elementor-widget-heading\" data-id=\"4b7f549\" data-element_type=\"widget\" data-widget_type=\"heading.default\">\n\t\t\t\t<div class=\"elementor-widget-container\">\n\t\t\t\t\t<h4 class=\"elementor-heading-title elementor-size-default\">Propri\u00e9t\u00e9 intellectuelle<\/h4>\t\t\t\t<\/div>\n\t\t\t\t<\/div>\n\t\t\t\t<div class=\"elementor-element elementor-element-da17b44 elementor-widget elementor-widget-text-editor\" data-id=\"da17b44\" data-element_type=\"widget\" data-widget_type=\"text-editor.default\">\n\t\t\t\t<div class=\"elementor-widget-container\">\n\t\t\t\t\t\t\t\t\tLes informations figurant sur le site sont r\u00e9serv\u00e9es \u00e0 un usage exclusivement personnel et ne peuvent \u00eatre en tout ou partie ni reproduites, ni communiqu\u00e9es. L\u2019ensemble des donn\u00e9es (textes, sons ou images) figurant sur les pages de ce site sont la propri\u00e9t\u00e9 exclusive de notre agence ou de ses partenaires. Toute reproduction, repr\u00e9sentation ou diffusion, \u00e0 des fins autres que personnelles, en tout ou partie du contenu de ce site sur quelque support ou par tout proc\u00e9d\u00e9 que ce soit est interdite. Le non-respect de cette interdiction constitue une contrefa\u00e7on susceptible d\u2019engager la responsabilit\u00e9 civile et p\u00e9nale du contrefacteur.\t\t\t\t\t\t\t\t<\/div>\n\t\t\t\t<\/div>\n\t\t\t\t<div class=\"elementor-element elementor-element-39f2ebc elementor-widget elementor-widget-heading\" data-id=\"39f2ebc\" data-element_type=\"widget\" data-widget_type=\"heading.default\">\n\t\t\t\t<div class=\"elementor-widget-container\">\n\t\t\t\t\t<h4 class=\"elementor-heading-title elementor-size-default\">Droits du titulaire sur ses donn\u00e9es personnelles \u2013 charte<\/h4>\t\t\t\t<\/div>\n\t\t\t\t<\/div>\n\t\t\t\t<div class=\"elementor-element elementor-element-33e3964 elementor-widget elementor-widget-text-editor\" data-id=\"33e3964\" data-element_type=\"widget\" data-widget_type=\"text-editor.default\">\n\t\t\t\t<div class=\"elementor-widget-container\">\n\t\t\t\t\t\t\t\t\t<p>Le titulaire des donn\u00e9es personnelles reconna\u00eet avoir \u00e9t\u00e9 loyalement et parfaitement inform\u00e9 du traitement desdites donn\u00e9es par l\u2019agence immobili\u00e8re. Outre ce droit \u00e0 l\u2019information, le titulaire dispose des droits suivants :<\/p><ul><li><strong>Droit d\u2019acc\u00e8s<\/strong> \u00e0 ses donn\u00e9es par la personne concern\u00e9e. C\u2019est-\u00e0-dire le droit d\u2019obtenir du responsable de traitement des donn\u00e9es la confirmation que ces derni\u00e8res sont ou ne sont pas trait\u00e9es et l\u2019acc\u00e8s auxdites donn\u00e9es.<\/li><li><strong>Droit de rectification<\/strong> des informations inexactes et que les donn\u00e9es incompl\u00e8tes soient compl\u00e9t\u00e9es<\/li><li><strong>Droit d\u2019obtenir l\u2019effacement<\/strong> de ses donn\u00e9es lorsque ces donn\u00e9es ne sont plus n\u00e9cessaires au regard des finalit\u00e9s pour lesquelles elles ont \u00e9t\u00e9 collect\u00e9es, si la personne retire son consentement (et qu\u2019il n\u2019existe pas d\u2019autre fondement (obligation l\u00e9gale) au traitement), si la personne exerce son droit d\u2019opposition au traitement&#8230;<\/li><li><strong>Droit \u00e0 la limitation :<\/strong> lorsque le responsable du traitement n\u2019a plus besoin des donn\u00e9es mais qu\u2019elles sont encore n\u00e9cessaires. Lorsqu\u2019une telle limitation, par principe temporaire, est mise en place, les donn\u00e9es ne peuvent \u00eatre trait\u00e9es, sauf pour leur conservation, qu\u2019avec le consentement de la personne concern\u00e9e ou pour des motifs sp\u00e9cifiques.<\/li><li><strong>Droit \u00e0 la portabilit\u00e9 <\/strong>: la personne concern\u00e9e a le droit d\u2019obtenir les donn\u00e9es qu\u2019elle a fournie dans un format structur\u00e9, couramment utilis\u00e9 et lisible par machine, et a le droit de transmettre ces donn\u00e9es \u00e0 un autre responsable de traitement sans que le responsable initial ne puisse y faire obstacle. La personne concern\u00e9e peut demander que ses donn\u00e9es soit transmises directement d\u2019un responsable \u00e0 un autre.<\/li><li><strong>Droit d\u2019opposition <\/strong>: la personne concern\u00e9e dispose d\u2019un droit d\u2019opposition au traitement qui lui permet de demander au responsable de ne plus traiter ses donn\u00e9es et, en tout \u00e9tat de cause, d\u2019un droit d\u2019opposition \u00e0 la prospection.<\/li><\/ul>\t\t\t\t\t\t\t\t<\/div>\n\t\t\t\t<\/div>\n\t\t\t\t<div class=\"elementor-element elementor-element-0296db8 elementor-widget elementor-widget-text-editor\" data-id=\"0296db8\" data-element_type=\"widget\" data-widget_type=\"text-editor.default\">\n\t\t\t\t<div class=\"elementor-widget-container\">\n\t\t\t\t\t\t\t\t\t<p>Toute demande pour l\u2019exercice de ces droits peut \u00eatre adress\u00e9e \u00e0 notre agence via : <a href=\"mailto:stephane@stephaneschweitzer.be\"><span style=\"text-decoration: underline;\">stephane@stephaneschweitzer.be<\/span><\/a><\/p><p>La r\u00e9ponse sera apport\u00e9e, via le m\u00eame canal de communication, dans les meilleurs d\u00e9lais et au plus tard dans le mois \u00e0 compter de la r\u00e9ception de la demande.<\/p><p>Aucun paiement ne sera exig\u00e9 sauf si les demandes sont manifestement infond\u00e9es ou excessives (caract\u00e8re r\u00e9p\u00e9titif).<\/p>\t\t\t\t\t\t\t\t<\/div>\n\t\t\t\t<\/div>\n\t\t\t\t<div class=\"elementor-element elementor-element-c4da936 elementor-widget elementor-widget-spacer\" data-id=\"c4da936\" data-element_type=\"widget\" data-widget_type=\"spacer.default\">\n\t\t\t\t<div class=\"elementor-widget-container\">\n\t\t\t\t\t\t\t<div class=\"elementor-spacer\">\n\t\t\t<div class=\"elementor-spacer-inner\"><\/div>\n\t\t<\/div>\n\t\t\t\t\t\t<\/div>\n\t\t\t\t<\/div>\n\t\t\t\t\t<\/div>\n\t\t<\/div>\n\t\t\t\t\t<\/div>\n\t\t<\/section>\n\t\t\t\t<\/div>\n\t\t","protected":false},"excerpt":{"rendered":"<p>Protection de la vie priv\u00e9e &#038; RGPD Traitement des donn\u00e9es \u00e0 caract\u00e8re personnel des visiteurs et des utilisateurs. Notre agence immobili\u00e8re est repr\u00e9sent\u00e9e par St\u00e9phane Schweitzer<span class=\"excerpt-hellip\"> [\u2026]<\/span><\/p>\n","protected":false},"author":7,"featured_media":0,"parent":0,"menu_order":0,"comment_status":"closed","ping_status":"closed","template":"","meta":{"_acf_changed":false,"footnotes":""},"class_list":["post-187","page","type-page","status-publish","hentry"],"acf":[],"_links":{"self":[{"href":"https:\/\/stephaneschweitzer.be\/fr\/wp-json\/wp\/v2\/pages\/187","targetHints":{"allow":["GET"]}}],"collection":[{"href":"https:\/\/stephaneschweitzer.be\/fr\/wp-json\/wp\/v2\/pages"}],"about":[{"href":"https:\/\/stephaneschweitzer.be\/fr\/wp-json\/wp\/v2\/types\/page"}],"author":[{"embeddable":true,"href":"https:\/\/stephaneschweitzer.be\/fr\/wp-json\/wp\/v2\/users\/7"}],"replies":[{"embeddable":true,"href":"https:\/\/stephaneschweitzer.be\/fr\/wp-json\/wp\/v2\/comments?post=187"}],"version-history":[{"count":22,"href":"https:\/\/stephaneschweitzer.be\/fr\/wp-json\/wp\/v2\/pages\/187\/revisions"}],"predecessor-version":[{"id":17982,"href":"https:\/\/stephaneschweitzer.be\/fr\/wp-json\/wp\/v2\/pages\/187\/revisions\/17982"}],"wp:attachment":[{"href":"https:\/\/stephaneschweitzer.be\/fr\/wp-json\/wp\/v2\/media?parent=187"}],"curies":[{"name":"wp","href":"https:\/\/api.w.org\/{rel}","templated":true}]}}