{"id":166,"date":"2020-12-02T10:42:19","date_gmt":"2020-12-02T09:42:19","guid":{"rendered":"https:\/\/stephaneschweitzer.be\/?page_id=166"},"modified":"2021-01-06T15:24:14","modified_gmt":"2021-01-06T14:24:14","slug":"nos-services","status":"publish","type":"page","link":"https:\/\/stephaneschweitzer.be\/fr\/nos-services\/","title":{"rendered":"Nos Services"},"content":{"rendered":"\t\t<div data-elementor-type=\"wp-page\" data-elementor-id=\"166\" class=\"elementor elementor-166\" data-elementor-post-type=\"page\">\n\t\t\t\t\t\t<section class=\"elementor-section elementor-top-section elementor-element elementor-element-c667db2 elementor-section-boxed elementor-section-height-default elementor-section-height-default\" data-id=\"c667db2\" data-element_type=\"section\">\n\t\t\t\t\t\t<div class=\"elementor-container elementor-column-gap-default\">\n\t\t\t\t\t<div class=\"elementor-column elementor-col-50 elementor-top-column elementor-element elementor-element-56d9eac\" data-id=\"56d9eac\" data-element_type=\"column\">\n\t\t\t<div class=\"elementor-widget-wrap elementor-element-populated\">\n\t\t\t\t\t\t<div class=\"elementor-element elementor-element-fe0a0cf elementor-widget elementor-widget-image\" data-id=\"fe0a0cf\" data-element_type=\"widget\" data-widget_type=\"image.default\">\n\t\t\t\t<div class=\"elementor-widget-container\">\n\t\t\t\t\t\t\t\t\t\t\t\t\t\t\t<img decoding=\"async\" width=\"150\" height=\"150\" src=\"https:\/\/stephaneschweitzer.be\/wp-content\/uploads\/2021\/01\/analyse-red.png\" class=\"attachment-large size-large wp-image-1370\" alt=\"\" srcset=\"https:\/\/stephaneschweitzer.be\/wp-content\/uploads\/2021\/01\/analyse-red.png 150w, https:\/\/stephaneschweitzer.be\/wp-content\/uploads\/2021\/01\/analyse-red-146x146.png 146w, https:\/\/stephaneschweitzer.be\/wp-content\/uploads\/2021\/01\/analyse-red-50x50.png 50w, https:\/\/stephaneschweitzer.be\/wp-content\/uploads\/2021\/01\/analyse-red-75x75.png 75w, https:\/\/stephaneschweitzer.be\/wp-content\/uploads\/2021\/01\/analyse-red-85x85.png 85w, https:\/\/stephaneschweitzer.be\/wp-content\/uploads\/2021\/01\/analyse-red-80x80.png 80w\" sizes=\"(max-width: 150px) 100vw, 150px\" \/>\t\t\t\t\t\t\t\t\t\t\t\t\t\t\t<\/div>\n\t\t\t\t<\/div>\n\t\t\t\t\t<\/div>\n\t\t<\/div>\n\t\t\t\t<div class=\"elementor-column elementor-col-50 elementor-top-column elementor-element elementor-element-b818e43\" data-id=\"b818e43\" data-element_type=\"column\">\n\t\t\t<div class=\"elementor-widget-wrap elementor-element-populated\">\n\t\t\t\t\t\t<div class=\"elementor-element elementor-element-234b1b7 elementor-widget elementor-widget-text-editor\" data-id=\"234b1b7\" data-element_type=\"widget\" data-widget_type=\"text-editor.default\">\n\t\t\t\t<div class=\"elementor-widget-container\">\n\t\t\t\t\t\t\t\t\t<p style=\"\"><span style=\"color: #0e3752;\"><strong>Analyse du march\u00e9 et estimation\n<\/strong><\/span><\/p>\n<i><span style=\"font-weight: 400;\">Nous analysons le march\u00e9, estimons votre bien gratuitement et vous remettons un <strong>rapport complet et d\u00e9taill\u00e9<\/strong><\/span><\/i>\t\t\t\t\t\t\t\t<\/div>\n\t\t\t\t<\/div>\n\t\t\t\t\t<\/div>\n\t\t<\/div>\n\t\t\t\t\t<\/div>\n\t\t<\/section>\n\t\t\t\t<section class=\"elementor-section elementor-top-section elementor-element elementor-element-b732109 elementor-section-boxed elementor-section-height-default elementor-section-height-default\" data-id=\"b732109\" data-element_type=\"section\">\n\t\t\t\t\t\t<div class=\"elementor-container elementor-column-gap-default\">\n\t\t\t\t\t<div class=\"elementor-column elementor-col-50 elementor-top-column elementor-element elementor-element-229ced4\" data-id=\"229ced4\" data-element_type=\"column\">\n\t\t\t<div class=\"elementor-widget-wrap elementor-element-populated\">\n\t\t\t\t\t\t<div class=\"elementor-element elementor-element-0eadf94 elementor-widget elementor-widget-text-editor\" data-id=\"0eadf94\" data-element_type=\"widget\" data-widget_type=\"text-editor.default\">\n\t\t\t\t<div class=\"elementor-widget-container\">\n\t\t\t\t\t\t\t\t\t<p><span style=\"color: #0e3752;\"><strong>Commercialisation et aide \u00e0 la n\u00e9gociation<\/strong><\/span><\/p><p><i><span style=\"font-weight: 400;\">Nous prenons en charge, <strong>vous conseillons et coordonnons toutes les \u00e9tapes<\/strong> de la transaction \u2013 d\u00e8s les premi\u00e8res d\u00e9marches administratives jusqu\u2019\u00e0 la <strong>signature de l\u2019acte ou du contrat de bail.<\/strong><\/span><\/i><\/p><p><strong>Nous sommes \u00e0 vos cot\u00e9s<\/strong> tout au long de la <strong>n\u00e9gociation<\/strong> avec les acqu\u00e9reurs potentiels.<\/p>\t\t\t\t\t\t\t\t<\/div>\n\t\t\t\t<\/div>\n\t\t\t\t\t<\/div>\n\t\t<\/div>\n\t\t\t\t<div class=\"elementor-column elementor-col-50 elementor-top-column elementor-element elementor-element-091cd90\" data-id=\"091cd90\" data-element_type=\"column\">\n\t\t\t<div class=\"elementor-widget-wrap elementor-element-populated\">\n\t\t\t\t\t\t<div class=\"elementor-element elementor-element-8f5c0e6 elementor-widget elementor-widget-image\" data-id=\"8f5c0e6\" data-element_type=\"widget\" data-widget_type=\"image.default\">\n\t\t\t\t<div class=\"elementor-widget-container\">\n\t\t\t\t\t\t\t\t\t\t\t\t\t\t\t<img decoding=\"async\" width=\"150\" height=\"150\" src=\"https:\/\/stephaneschweitzer.be\/wp-content\/uploads\/2021\/01\/louer-red.png\" class=\"attachment-large size-large wp-image-1382\" alt=\"\" srcset=\"https:\/\/stephaneschweitzer.be\/wp-content\/uploads\/2021\/01\/louer-red.png 150w, https:\/\/stephaneschweitzer.be\/wp-content\/uploads\/2021\/01\/louer-red-146x146.png 146w, https:\/\/stephaneschweitzer.be\/wp-content\/uploads\/2021\/01\/louer-red-50x50.png 50w, https:\/\/stephaneschweitzer.be\/wp-content\/uploads\/2021\/01\/louer-red-75x75.png 75w, https:\/\/stephaneschweitzer.be\/wp-content\/uploads\/2021\/01\/louer-red-85x85.png 85w, https:\/\/stephaneschweitzer.be\/wp-content\/uploads\/2021\/01\/louer-red-80x80.png 80w\" sizes=\"(max-width: 150px) 100vw, 150px\" \/>\t\t\t\t\t\t\t\t\t\t\t\t\t\t\t<\/div>\n\t\t\t\t<\/div>\n\t\t\t\t\t<\/div>\n\t\t<\/div>\n\t\t\t\t\t<\/div>\n\t\t<\/section>\n\t\t\t\t<section class=\"elementor-section elementor-top-section elementor-element elementor-element-b491363 elementor-section-boxed elementor-section-height-default elementor-section-height-default\" data-id=\"b491363\" data-element_type=\"section\">\n\t\t\t\t\t\t<div class=\"elementor-container elementor-column-gap-default\">\n\t\t\t\t\t<div class=\"elementor-column elementor-col-50 elementor-top-column elementor-element elementor-element-b194fe7\" data-id=\"b194fe7\" data-element_type=\"column\">\n\t\t\t<div class=\"elementor-widget-wrap elementor-element-populated\">\n\t\t\t\t\t\t<div class=\"elementor-element elementor-element-583a3d4 elementor-widget elementor-widget-image\" data-id=\"583a3d4\" data-element_type=\"widget\" data-widget_type=\"image.default\">\n\t\t\t\t<div class=\"elementor-widget-container\">\n\t\t\t\t\t\t\t\t\t\t\t\t\t\t\t<img decoding=\"async\" width=\"150\" height=\"150\" src=\"https:\/\/stephaneschweitzer.be\/wp-content\/uploads\/2021\/01\/conseil-red.png\" class=\"attachment-large size-large wp-image-1376\" alt=\"\" srcset=\"https:\/\/stephaneschweitzer.be\/wp-content\/uploads\/2021\/01\/conseil-red.png 150w, https:\/\/stephaneschweitzer.be\/wp-content\/uploads\/2021\/01\/conseil-red-146x146.png 146w, https:\/\/stephaneschweitzer.be\/wp-content\/uploads\/2021\/01\/conseil-red-50x50.png 50w, https:\/\/stephaneschweitzer.be\/wp-content\/uploads\/2021\/01\/conseil-red-75x75.png 75w, https:\/\/stephaneschweitzer.be\/wp-content\/uploads\/2021\/01\/conseil-red-85x85.png 85w, https:\/\/stephaneschweitzer.be\/wp-content\/uploads\/2021\/01\/conseil-red-80x80.png 80w\" sizes=\"(max-width: 150px) 100vw, 150px\" \/>\t\t\t\t\t\t\t\t\t\t\t\t\t\t\t<\/div>\n\t\t\t\t<\/div>\n\t\t\t\t\t<\/div>\n\t\t<\/div>\n\t\t\t\t<div class=\"elementor-column elementor-col-50 elementor-top-column elementor-element elementor-element-c841290\" data-id=\"c841290\" data-element_type=\"column\">\n\t\t\t<div class=\"elementor-widget-wrap elementor-element-populated\">\n\t\t\t\t\t\t<div class=\"elementor-element elementor-element-3b1989b elementor-widget elementor-widget-text-editor\" data-id=\"3b1989b\" data-element_type=\"widget\" data-widget_type=\"text-editor.default\">\n\t\t\t\t<div class=\"elementor-widget-container\">\n\t\t\t\t\t\t\t\t\t<p><span style=\"color: #0e3752;\"><strong>Marketing efficace et cibl\u00e9<\/strong><\/span><\/p><p>Nous vous conseillons sur les meilleures fa\u00e7ons de\u00a0<strong>mettre votre bien en valeur<\/strong>\u00a0(home staging).<\/p><p>Nous \u00e9tablissons avec vous une\u00a0<strong>strat\u00e9gie marketing pour votre projet.<\/strong><\/p><p>Nous faisons appel aux\u00a0<strong>meilleurs prestataires de marketing immobilier<\/strong>\u00a0pour assurer la plus grande visibilit\u00e9 \u00e0 votre bien.<\/p>\t\t\t\t\t\t\t\t<\/div>\n\t\t\t\t<\/div>\n\t\t\t\t\t<\/div>\n\t\t<\/div>\n\t\t\t\t\t<\/div>\n\t\t<\/section>\n\t\t\t\t<section class=\"elementor-section elementor-top-section elementor-element elementor-element-0cd8b30 elementor-section-boxed elementor-section-height-default elementor-section-height-default\" data-id=\"0cd8b30\" data-element_type=\"section\">\n\t\t\t\t\t\t<div class=\"elementor-container elementor-column-gap-default\">\n\t\t\t\t\t<div class=\"elementor-column elementor-col-50 elementor-top-column elementor-element elementor-element-2c9d32c\" data-id=\"2c9d32c\" data-element_type=\"column\">\n\t\t\t<div class=\"elementor-widget-wrap elementor-element-populated\">\n\t\t\t\t\t\t<div class=\"elementor-element elementor-element-f5435ae elementor-widget elementor-widget-text-editor\" data-id=\"f5435ae\" data-element_type=\"widget\" data-widget_type=\"text-editor.default\">\n\t\t\t\t<div class=\"elementor-widget-container\">\n\t\t\t\t\t\t\t\t\t<p><span style=\"color: #0e3752;\"><strong>Support pour toutes les d\u00e9marches administratives<\/strong><\/span><\/p><p>Nous coordonnons les\u00a0<strong>d\u00e9marches administratives<\/strong>\u00a0(relation avec les notaires, demandes de renseignements urbanistiques etc.).<\/p><p>Lorsque c\u2019est n\u00e9cessaire, nous pouvons vous mettre en relation avec notre\u00a0<strong>\u00e9co-syst\u00e8me de partenaires<\/strong>\u00a0(certificateurs PEB, contr\u00f4leurs \u00e9lectricit\u00e9, experts immobiliers, g\u00e9om\u00e8tres, architectes, juristes, etc.) et coordonner les prestations afin de vous offrir les meilleurs services aux meilleurs prix<span lang=\"FR\">.<\/span><\/p>\t\t\t\t\t\t\t\t<\/div>\n\t\t\t\t<\/div>\n\t\t\t\t\t<\/div>\n\t\t<\/div>\n\t\t\t\t<div class=\"elementor-column elementor-col-50 elementor-top-column elementor-element elementor-element-ff9b593\" data-id=\"ff9b593\" data-element_type=\"column\">\n\t\t\t<div class=\"elementor-widget-wrap elementor-element-populated\">\n\t\t\t\t\t\t<div class=\"elementor-element elementor-element-cff3362 elementor-widget elementor-widget-image\" data-id=\"cff3362\" data-element_type=\"widget\" data-widget_type=\"image.default\">\n\t\t\t\t<div class=\"elementor-widget-container\">\n\t\t\t\t\t\t\t\t\t\t\t\t\t\t\t<img loading=\"lazy\" decoding=\"async\" width=\"150\" height=\"150\" src=\"https:\/\/stephaneschweitzer.be\/wp-content\/uploads\/2021\/01\/accompagnement-red.png\" class=\"attachment-large size-large wp-image-1364\" alt=\"\" srcset=\"https:\/\/stephaneschweitzer.be\/wp-content\/uploads\/2021\/01\/accompagnement-red.png 150w, https:\/\/stephaneschweitzer.be\/wp-content\/uploads\/2021\/01\/accompagnement-red-146x146.png 146w, https:\/\/stephaneschweitzer.be\/wp-content\/uploads\/2021\/01\/accompagnement-red-50x50.png 50w, https:\/\/stephaneschweitzer.be\/wp-content\/uploads\/2021\/01\/accompagnement-red-75x75.png 75w, https:\/\/stephaneschweitzer.be\/wp-content\/uploads\/2021\/01\/accompagnement-red-85x85.png 85w, https:\/\/stephaneschweitzer.be\/wp-content\/uploads\/2021\/01\/accompagnement-red-80x80.png 80w\" sizes=\"(max-width: 150px) 100vw, 150px\" \/>\t\t\t\t\t\t\t\t\t\t\t\t\t\t\t<\/div>\n\t\t\t\t<\/div>\n\t\t\t\t\t<\/div>\n\t\t<\/div>\n\t\t\t\t\t<\/div>\n\t\t<\/section>\n\t\t\t\t<section class=\"elementor-section elementor-top-section elementor-element elementor-element-3c2a7fa elementor-section-boxed elementor-section-height-default elementor-section-height-default\" data-id=\"3c2a7fa\" data-element_type=\"section\">\n\t\t\t\t\t\t<div class=\"elementor-container elementor-column-gap-default\">\n\t\t\t\t\t<div class=\"elementor-column elementor-col-50 elementor-top-column elementor-element elementor-element-8255a2c\" data-id=\"8255a2c\" data-element_type=\"column\">\n\t\t\t<div class=\"elementor-widget-wrap elementor-element-populated\">\n\t\t\t\t\t\t<div class=\"elementor-element elementor-element-4441dcd elementor-widget elementor-widget-image\" data-id=\"4441dcd\" data-element_type=\"widget\" data-widget_type=\"image.default\">\n\t\t\t\t<div class=\"elementor-widget-container\">\n\t\t\t\t\t\t\t\t\t\t\t\t\t\t\t<img loading=\"lazy\" decoding=\"async\" width=\"150\" height=\"150\" src=\"https:\/\/stephaneschweitzer.be\/wp-content\/uploads\/2021\/01\/recherche-red.png\" class=\"attachment-large size-large wp-image-1388\" alt=\"\" srcset=\"https:\/\/stephaneschweitzer.be\/wp-content\/uploads\/2021\/01\/recherche-red.png 150w, https:\/\/stephaneschweitzer.be\/wp-content\/uploads\/2021\/01\/recherche-red-146x146.png 146w, https:\/\/stephaneschweitzer.be\/wp-content\/uploads\/2021\/01\/recherche-red-50x50.png 50w, https:\/\/stephaneschweitzer.be\/wp-content\/uploads\/2021\/01\/recherche-red-75x75.png 75w, https:\/\/stephaneschweitzer.be\/wp-content\/uploads\/2021\/01\/recherche-red-85x85.png 85w, https:\/\/stephaneschweitzer.be\/wp-content\/uploads\/2021\/01\/recherche-red-80x80.png 80w\" sizes=\"(max-width: 150px) 100vw, 150px\" \/>\t\t\t\t\t\t\t\t\t\t\t\t\t\t\t<\/div>\n\t\t\t\t<\/div>\n\t\t\t\t\t<\/div>\n\t\t<\/div>\n\t\t\t\t<div class=\"elementor-column elementor-col-50 elementor-top-column elementor-element elementor-element-4e834e8\" data-id=\"4e834e8\" data-element_type=\"column\">\n\t\t\t<div class=\"elementor-widget-wrap elementor-element-populated\">\n\t\t\t\t\t\t<div class=\"elementor-element elementor-element-ab60b9b elementor-widget elementor-widget-text-editor\" data-id=\"ab60b9b\" data-element_type=\"widget\" data-widget_type=\"text-editor.default\">\n\t\t\t\t<div class=\"elementor-widget-container\">\n\t\t\t\t\t\t\t\t\t<p><span style=\"color: #0e3752;\"><strong>Recherche de biens<\/strong><\/span><\/p><p>Nous nous occupons pour vous de la recherche du bien de vos r\u00eaves et vous accompagnons \u00e0 toutes les \u00e9tapes du processus d\u2019acquisition.<\/p>\t\t\t\t\t\t\t\t<\/div>\n\t\t\t\t<\/div>\n\t\t\t\t\t<\/div>\n\t\t<\/div>\n\t\t\t\t\t<\/div>\n\t\t<\/section>\n\t\t\t\t<section class=\"elementor-section elementor-top-section elementor-element elementor-element-ca6c614 elementor-section-boxed elementor-section-height-default elementor-section-height-default\" data-id=\"ca6c614\" data-element_type=\"section\">\n\t\t\t\t\t\t<div class=\"elementor-container elementor-column-gap-default\">\n\t\t\t\t\t<div class=\"elementor-column elementor-col-100 elementor-top-column elementor-element elementor-element-35ac8d3\" data-id=\"35ac8d3\" data-element_type=\"column\">\n\t\t\t<div class=\"elementor-widget-wrap elementor-element-populated\">\n\t\t\t\t\t\t<div class=\"elementor-element elementor-element-07bcd3f elementor-widget elementor-widget-spacer\" data-id=\"07bcd3f\" data-element_type=\"widget\" data-widget_type=\"spacer.default\">\n\t\t\t\t<div class=\"elementor-widget-container\">\n\t\t\t\t\t\t\t<div class=\"elementor-spacer\">\n\t\t\t<div class=\"elementor-spacer-inner\"><\/div>\n\t\t<\/div>\n\t\t\t\t\t\t<\/div>\n\t\t\t\t<\/div>\n\t\t\t\t\t<\/div>\n\t\t<\/div>\n\t\t\t\t\t<\/div>\n\t\t<\/section>\n\t\t\t\t<\/div>\n\t\t","protected":false},"excerpt":{"rendered":"<p>Analyse du march\u00e9 et estimation Nous analysons le march\u00e9, estimons votre bien gratuitement et vous remettons un rapport complet et d\u00e9taill\u00e9 Commercialisation et aide \u00e0 la<span class=\"excerpt-hellip\"> [\u2026]<\/span><\/p>\n","protected":false},"author":7,"featured_media":0,"parent":0,"menu_order":0,"comment_status":"closed","ping_status":"closed","template":"","meta":{"_acf_changed":false,"footnotes":""},"class_list":["post-166","page","type-page","status-publish","hentry"],"acf":[],"_links":{"self":[{"href":"https:\/\/stephaneschweitzer.be\/fr\/wp-json\/wp\/v2\/pages\/166","targetHints":{"allow":["GET"]}}],"collection":[{"href":"https:\/\/stephaneschweitzer.be\/fr\/wp-json\/wp\/v2\/pages"}],"about":[{"href":"https:\/\/stephaneschweitzer.be\/fr\/wp-json\/wp\/v2\/types\/page"}],"author":[{"embeddable":true,"href":"https:\/\/stephaneschweitzer.be\/fr\/wp-json\/wp\/v2\/users\/7"}],"replies":[{"embeddable":true,"href":"https:\/\/stephaneschweitzer.be\/fr\/wp-json\/wp\/v2\/comments?post=166"}],"version-history":[{"count":52,"href":"https:\/\/stephaneschweitzer.be\/fr\/wp-json\/wp\/v2\/pages\/166\/revisions"}],"predecessor-version":[{"id":1408,"href":"https:\/\/stephaneschweitzer.be\/fr\/wp-json\/wp\/v2\/pages\/166\/revisions\/1408"}],"wp:attachment":[{"href":"https:\/\/stephaneschweitzer.be\/fr\/wp-json\/wp\/v2\/media?parent=166"}],"curies":[{"name":"wp","href":"https:\/\/api.w.org\/{rel}","templated":true}]}}