{"id":162,"date":"2020-12-02T10:41:48","date_gmt":"2020-12-02T09:41:48","guid":{"rendered":"https:\/\/stephaneschweitzer.be\/?page_id=162"},"modified":"2021-04-27T17:11:51","modified_gmt":"2021-04-27T15:11:51","slug":"a-propos","status":"publish","type":"page","link":"https:\/\/stephaneschweitzer.be\/fr\/a-propos\/","title":{"rendered":"A propos"},"content":{"rendered":"\t\t<div data-elementor-type=\"wp-page\" data-elementor-id=\"162\" class=\"elementor elementor-162\" data-elementor-post-type=\"page\">\n\t\t\t\t\t\t<section class=\"elementor-section elementor-top-section elementor-element elementor-element-d20745e elementor-section-boxed elementor-section-height-default elementor-section-height-default\" data-id=\"d20745e\" data-element_type=\"section\">\n\t\t\t\t\t\t<div class=\"elementor-container elementor-column-gap-default\">\n\t\t\t\t\t<div class=\"elementor-column elementor-col-50 elementor-top-column elementor-element elementor-element-f1764e1\" data-id=\"f1764e1\" data-element_type=\"column\">\n\t\t\t<div class=\"elementor-widget-wrap elementor-element-populated\">\n\t\t\t\t\t\t<div class=\"elementor-element elementor-element-7c2d040 elementor-widget elementor-widget-image\" data-id=\"7c2d040\" data-element_type=\"widget\" data-widget_type=\"image.default\">\n\t\t\t\t<div class=\"elementor-widget-container\">\n\t\t\t\t\t\t\t\t\t\t\t\t\t\t\t<img fetchpriority=\"high\" decoding=\"async\" width=\"800\" height=\"610\" src=\"https:\/\/stephaneschweitzer.be\/wp-content\/uploads\/2020\/12\/stephane.jpg\" class=\"attachment-large size-large wp-image-968\" alt=\"\" srcset=\"https:\/\/stephaneschweitzer.be\/wp-content\/uploads\/2020\/12\/stephane.jpg 800w, https:\/\/stephaneschweitzer.be\/wp-content\/uploads\/2020\/12\/stephane-300x229.jpg 300w, https:\/\/stephaneschweitzer.be\/wp-content\/uploads\/2020\/12\/stephane-768x586.jpg 768w, https:\/\/stephaneschweitzer.be\/wp-content\/uploads\/2020\/12\/stephane-191x146.jpg 191w, https:\/\/stephaneschweitzer.be\/wp-content\/uploads\/2020\/12\/stephane-50x38.jpg 50w, https:\/\/stephaneschweitzer.be\/wp-content\/uploads\/2020\/12\/stephane-98x75.jpg 98w\" sizes=\"(max-width: 800px) 100vw, 800px\" \/>\t\t\t\t\t\t\t\t\t\t\t\t\t\t\t<\/div>\n\t\t\t\t<\/div>\n\t\t\t\t\t<\/div>\n\t\t<\/div>\n\t\t\t\t<div class=\"elementor-column elementor-col-50 elementor-top-column elementor-element elementor-element-f750d5a\" data-id=\"f750d5a\" data-element_type=\"column\">\n\t\t\t<div class=\"elementor-widget-wrap elementor-element-populated\">\n\t\t\t\t\t\t<div class=\"elementor-element elementor-element-2935c4f elementor-widget elementor-widget-text-editor\" data-id=\"2935c4f\" data-element_type=\"widget\" data-widget_type=\"text-editor.default\">\n\t\t\t\t<div class=\"elementor-widget-container\">\n\t\t\t\t\t\t\t\t\t<p><i><span style=\"font-weight: 400;\">Agent immobilier agr\u00e9e IPI depuis pr\u00e8s de 10 ans, ayant une exp\u00e9rience \u00e0 l&rsquo;international, \u00a0les conseils immobiliers, la chasse immobili\u00e8re et les transactions haut de gamme sont au coeur de mon activit\u00e9.<\/span><\/i><\/p><p><i><span style=\"font-weight: 400;\">Positif, dot\u00e9\u00a0 d&rsquo;une bonne dose d&rsquo;\u00e9nergie et d&rsquo;humour, sensible aux autres et \u00e0 l&rsquo;humain, j&rsquo;appr\u00e9cie les contacts et l&rsquo;\u00e9change. Orient\u00e9 service et satisfaction du client je trouve des solutions pour chacune de mes missions. <\/span><\/i><\/p>\t\t\t\t\t\t\t\t<\/div>\n\t\t\t\t<\/div>\n\t\t\t\t\t<\/div>\n\t\t<\/div>\n\t\t\t\t\t<\/div>\n\t\t<\/section>\n\t\t\t\t<section class=\"elementor-section elementor-top-section elementor-element elementor-element-defe2e8 elementor-section-boxed elementor-section-height-default elementor-section-height-default\" data-id=\"defe2e8\" data-element_type=\"section\">\n\t\t\t\t\t\t<div class=\"elementor-container elementor-column-gap-default\">\n\t\t\t\t\t<div class=\"elementor-column elementor-col-100 elementor-top-column elementor-element elementor-element-ee501ea\" data-id=\"ee501ea\" data-element_type=\"column\">\n\t\t\t<div class=\"elementor-widget-wrap elementor-element-populated\">\n\t\t\t\t\t\t<div class=\"elementor-element elementor-element-9dcc495 elementor-widget elementor-widget-spacer\" data-id=\"9dcc495\" data-element_type=\"widget\" data-widget_type=\"spacer.default\">\n\t\t\t\t<div class=\"elementor-widget-container\">\n\t\t\t\t\t\t\t<div class=\"elementor-spacer\">\n\t\t\t<div class=\"elementor-spacer-inner\"><\/div>\n\t\t<\/div>\n\t\t\t\t\t\t<\/div>\n\t\t\t\t<\/div>\n\t\t\t\t\t<\/div>\n\t\t<\/div>\n\t\t\t\t\t<\/div>\n\t\t<\/section>\n\t\t\t\t<\/div>\n\t\t","protected":false},"excerpt":{"rendered":"<p>Agent immobilier agr\u00e9e IPI depuis pr\u00e8s de 10 ans, ayant une exp\u00e9rience \u00e0 l&rsquo;international, &nbsp;les conseils immobiliers, la chasse immobili\u00e8re et les transactions haut de gamme<span class=\"excerpt-hellip\"> [\u2026]<\/span><\/p>\n","protected":false},"author":7,"featured_media":0,"parent":0,"menu_order":0,"comment_status":"closed","ping_status":"closed","template":"","meta":{"_acf_changed":false,"footnotes":""},"class_list":["post-162","page","type-page","status-publish","hentry"],"acf":[],"_links":{"self":[{"href":"https:\/\/stephaneschweitzer.be\/fr\/wp-json\/wp\/v2\/pages\/162","targetHints":{"allow":["GET"]}}],"collection":[{"href":"https:\/\/stephaneschweitzer.be\/fr\/wp-json\/wp\/v2\/pages"}],"about":[{"href":"https:\/\/stephaneschweitzer.be\/fr\/wp-json\/wp\/v2\/types\/page"}],"author":[{"embeddable":true,"href":"https:\/\/stephaneschweitzer.be\/fr\/wp-json\/wp\/v2\/users\/7"}],"replies":[{"embeddable":true,"href":"https:\/\/stephaneschweitzer.be\/fr\/wp-json\/wp\/v2\/comments?post=162"}],"version-history":[{"count":15,"href":"https:\/\/stephaneschweitzer.be\/fr\/wp-json\/wp\/v2\/pages\/162\/revisions"}],"predecessor-version":[{"id":17794,"href":"https:\/\/stephaneschweitzer.be\/fr\/wp-json\/wp\/v2\/pages\/162\/revisions\/17794"}],"wp:attachment":[{"href":"https:\/\/stephaneschweitzer.be\/fr\/wp-json\/wp\/v2\/media?parent=162"}],"curies":[{"name":"wp","href":"https:\/\/api.w.org\/{rel}","templated":true}]}}